{"id":2047,"date":"2021-10-18T16:05:59","date_gmt":"2021-10-18T16:05:59","guid":{"rendered":"http:\/\/fm-projectconsultants.com\/?page_id=2047"},"modified":"2021-10-18T16:14:48","modified_gmt":"2021-10-18T16:14:48","slug":"privacy-policy","status":"publish","type":"page","link":"https:\/\/fm-projectconsultants.com\/de\/privacy-policy\/","title":{"rendered":"Datenschutzbestimmungen"},"content":{"rendered":"<div data-elementor-type=\"wp-page\" data-elementor-id=\"2047\" class=\"elementor elementor-2047\" data-elementor-post-type=\"page\">\n\t\t\t\t\t\t<section data-particle_enable=\"false\" data-particle-mobile-disabled=\"false\" class=\"elementor-section elementor-top-section elementor-element elementor-element-37c56ea7 elementor-section-height-min-height elementor-section-content-middle elementor-section-boxed elementor-section-height-default elementor-section-items-middle\" data-id=\"37c56ea7\" data-element_type=\"section\" data-e-type=\"section\" data-settings=\"{&quot;background_background&quot;:&quot;classic&quot;}\">\n\t\t\t\t\t\t\t<div class=\"elementor-background-overlay\"><\/div>\n\t\t\t\t\t\t\t<div class=\"elementor-container elementor-column-gap-default\">\n\t\t\t\t\t<div class=\"elementor-column elementor-col-100 elementor-top-column elementor-element elementor-element-38857d48\" data-id=\"38857d48\" data-element_type=\"column\" data-e-type=\"column\">\n\t\t\t<div class=\"elementor-widget-wrap elementor-element-populated\">\n\t\t\t\t\t\t<div class=\"elementor-element elementor-element-42f2214b elementor-widget elementor-widget-heading\" data-id=\"42f2214b\" data-element_type=\"widget\" data-e-type=\"widget\" data-widget_type=\"heading.default\">\n\t\t\t\t<div class=\"elementor-widget-container\">\n\t\t\t\t\t<h2 class=\"elementor-heading-title elementor-size-default\">Datenschutzbestimmungen<\/h2>\t\t\t\t<\/div>\n\t\t\t\t<\/div>\n\t\t\t\t\t<\/div>\n\t\t<\/div>\n\t\t\t\t\t<\/div>\n\t\t<\/section>\n\t\t\t\t<section data-particle_enable=\"false\" data-particle-mobile-disabled=\"false\" class=\"elementor-section elementor-top-section elementor-element elementor-element-01dd94c elementor-section-boxed elementor-section-height-default elementor-section-height-default\" data-id=\"01dd94c\" data-element_type=\"section\" data-e-type=\"section\">\n\t\t\t\t\t\t<div class=\"elementor-container elementor-column-gap-default\">\n\t\t\t\t\t<div class=\"elementor-column elementor-col-100 elementor-top-column elementor-element elementor-element-587a41c\" data-id=\"587a41c\" data-element_type=\"column\" data-e-type=\"column\">\n\t\t\t<div class=\"elementor-widget-wrap elementor-element-populated\">\n\t\t\t\t\t\t<div class=\"elementor-element elementor-element-eb074dc elementor-widget elementor-widget-text-editor\" data-id=\"eb074dc\" data-element_type=\"widget\" data-e-type=\"widget\" data-widget_type=\"text-editor.default\">\n\t\t\t\t<div class=\"elementor-widget-container\">\n\t\t\t\t\t\t\t\t\t<p>In dieser Richtlinie wird dargelegt, wie wir alle Informationen, die Sie uns \u00fcber unsere Website zur Verf\u00fcgung stellen, nutzen und sch\u00fctzen werden.<\/p><p>In dieser Datenschutzerkl\u00e4rung wird erl\u00e4utert, wie FM Project Consultants Ltd. die Daten, die Sie uns zur Verf\u00fcgung stellen, wenn Sie eine Anfrage einreichen oder unseren Newsletter oder die Marketingmitteilungen \u00fcber unsere Website abonnieren, sammelt, verwendet und sch\u00fctzt. Wir werden Ihre Daten nur in \u00dcbereinstimmung mit den in dieser Datenschutzerkl\u00e4rung dargelegten Angaben verwenden.<\/p><p><strong>Die von uns gesammelten Daten:<\/strong> <br \/>Ihr Name<br \/>Ihre Kontaktinformationen, einschlie\u00dflich Ihrer E-Mail-Adresse<br \/>Ihre demografischen Daten wie Wohnort\/Postleitzahl, Interessen und Pr\u00e4ferenzen<br \/>Ihre IP-Adresse<\/p><p><strong>Was wir mit Ihren Daten tun werden:<\/strong><br \/>In erster Linie ben\u00f6tigen wir Ihre Daten, um alle Anfragen, die Sie \u00fcber unsere Website stellen, beantworten zu k\u00f6nnen.<\/p><p><strong>Dabei helfen uns Ihre Daten:<\/strong> <br \/>Ein Protokoll unserer Kunden und Anfragen zur internen Nachverfolgung zu f\u00fchren<br \/>Sie \u00fcber spezielle Produkte, Angebote und Informationen von FM Project Consultants Ltd. zu informieren, von denen wir glauben, dass sie f\u00fcr Sie n\u00fctzlich sein k\u00f6nnten, und zwar auf der Grundlage Ihrer urspr\u00fcnglichen Anfrage und unter Verwendung der von Ihnen angegebenen E-Mail-Adresse.<\/p><p><strong>Gew\u00e4hrleistung der Sicherheit Ihrer Daten:<\/strong><br \/>Die Sicherheit Ihrer Daten hat f\u00fcr uns oberste Priorit\u00e4t. Um eine unbefugte Weitergabe oder einen unbefugten Zugriff zu verhindern, verwenden wir ausschlie\u00dflich DSGVO-konforme elektronische Verfahren zum Schutz Ihrer Daten und zur Sicherung der Informationen, die wir online von Ihnen erfasst haben.<\/p><p><strong>Cookies:<\/strong><br \/>Wir haben auf unserer Website Cookies aktiviert. Dabei handelt es sich um kleine Tracking-Dateien, die uns helfen, das Marketing zu analysieren und unsere Website zu erweitern und zu verbessern. Wir verwenden diese Informationen nur, um zu lernen und zu verbessern, und danach werden die Daten aus unseren Systemen entfernt.<\/p><p>Sie k\u00f6nnen die Cookies annehmen oder ablehnen, was oft \u00fcber die Einstellungen Ihres Webbrowsers verwaltet wird.<\/p><p><strong>Links zu externen Websites:<\/strong><br \/>Unsere Website enth\u00e4lt Links zu anderen Websites. Sobald Sie unsere Website verlassen, haben wir keine Kontrolle mehr \u00fcber Ihre Online-Reise. Bitte vergewissern Sie sich, dass Sie die Datenschutzerkl\u00e4rungen der von Ihnen besuchten Websites lesen, sobald Sie unsere Website verlassen haben.<\/p><p><strong>Verwaltung Ihrer personenbezogenen Daten:<\/strong> <br \/>Wenn Sie der Meinung sind, dass die Daten, die wir \u00fcber Sie gespeichert haben, nicht korrekt sind, teilen Sie uns dies bitte so bald wie m\u00f6glich per E-Mail oder schriftlich unter der unten angegebenen Adresse mit.<\/p><p><strong>Sie k\u00f6nnen w\u00e4hlen, welche Informationen wir \u00fcber Sie sammeln und speichern:<\/strong><br \/>Wenn Sie auf unserer Website ein Online-Formular ausf\u00fcllen, haben Sie die M\u00f6glichkeit, ein K\u00e4stchen anzukreuzen, in dem Sie angeben, dass Sie weitere Mitteilungen erhalten m\u00f6chten.<\/p><p>Wenn Sie dieses K\u00e4stchen nicht ankreuzen, werden wir Ihnen keine weiteren Informationen dieser Art zusenden.<\/p><p>Wenn Sie Ihre Meinung \u00fcber den Erhalt von Mitteilungen jeglicher Art von FM Project Consultants Ltd. \u00e4ndern, brauchen Sie nur eine E-Mail an enquiries@fm-projectconsultants.com zu senden<\/p><p>Wenn Sie eine Kopie der Daten erhalten m\u00f6chten, die wir gem\u00e4\u00df den aktuellen DSGVO-Vorschriften \u00fcber Sie gespeichert haben, senden Sie bitte eine E-Mail an enquiries@fm-projectconsultants.com oder schreiben Sie uns an Suite 3 Waterside Business Centre, Canal Street, Leigh WN7 4DB<\/p><p>Solange wir keine ausdr\u00fcckliche Aufforderung zur L\u00f6schung der Daten erhalten, werden wir Ihre Daten weiterhin in unseren sicheren Systemen speichern<\/p><p>Wenn Sie der Meinung sind, dass die Daten, die wir \u00fcber Sie gespeichert haben, nicht korrekt sind, teilen Sie uns dies bitte so bald wie m\u00f6glich per E-Mail oder schriftlich unter der unten angegebenen Adresse mit.<\/p><p>Wir verkaufen Ihre Daten nicht und geben sie nicht an Dritte weiter, es sei denn, wir sind gesetzlich dazu verpflichtet.<\/p>\t\t\t\t\t\t\t\t<\/div>\n\t\t\t\t<\/div>\n\t\t\t\t\t<\/div>\n\t\t<\/div>\n\t\t\t\t\t<\/div>\n\t\t<\/section>\n\t\t\t\t<\/div>","protected":false},"excerpt":{"rendered":"<p>Privacy Policy This policy outlines how we will use and protect any information you provide us with, which you submit through our website. This privacy policy explains how FM Project Consultants Ltd collects, uses and protects the data you provide us with, when you submit an enquiry, or subscribe to our newsletter or marketing communications [&hellip;]<\/p>\n","protected":false},"author":2,"featured_media":0,"parent":0,"menu_order":0,"comment_status":"closed","ping_status":"closed","template":"","meta":{"site-sidebar-layout":"no-sidebar","site-content-layout":"page-builder","ast-site-content-layout":"default","site-content-style":"default","site-sidebar-style":"default","ast-global-header-display":"","ast-banner-title-visibility":"","ast-main-header-display":"","ast-hfb-above-header-display":"","ast-hfb-below-header-display":"","ast-hfb-mobile-header-display":"","site-post-title":"disabled","ast-breadcrumbs-content":"","ast-featured-img":"disabled","footer-sml-layout":"","ast-disable-related-posts":"","theme-transparent-header-meta":"default","adv-header-id-meta":"","stick-header-meta":"default","header-above-stick-meta":"","header-main-stick-meta":"","header-below-stick-meta":"","astra-migrate-meta-layouts":"default","ast-page-background-enabled":"default","ast-page-background-meta":{"desktop":{"background-color":"","background-image":"","background-repeat":"repeat","background-position":"center center","background-size":"auto","background-attachment":"scroll","background-type":"","background-media":"","overlay-type":"","overlay-color":"","overlay-opacity":"","overlay-gradient":""},"tablet":{"background-color":"","background-image":"","background-repeat":"repeat","background-position":"center center","background-size":"auto","background-attachment":"scroll","background-type":"","background-media":"","overlay-type":"","overlay-color":"","overlay-opacity":"","overlay-gradient":""},"mobile":{"background-color":"","background-image":"","background-repeat":"repeat","background-position":"center center","background-size":"auto","background-attachment":"scroll","background-type":"","background-media":"","overlay-type":"","overlay-color":"","overlay-opacity":"","overlay-gradient":""}},"ast-content-background-meta":{"desktop":{"background-color":"var(--ast-global-color-5)","background-image":"","background-repeat":"repeat","background-position":"center center","background-size":"auto","background-attachment":"scroll","background-type":"","background-media":"","overlay-type":"","overlay-color":"","overlay-opacity":"","overlay-gradient":""},"tablet":{"background-color":"var(--ast-global-color-5)","background-image":"","background-repeat":"repeat","background-position":"center center","background-size":"auto","background-attachment":"scroll","background-type":"","background-media":"","overlay-type":"","overlay-color":"","overlay-opacity":"","overlay-gradient":""},"mobile":{"background-color":"var(--ast-global-color-5)","background-image":"","background-repeat":"repeat","background-position":"center center","background-size":"auto","background-attachment":"scroll","background-type":"","background-media":"","overlay-type":"","overlay-color":"","overlay-opacity":"","overlay-gradient":""}},"footnotes":""},"class_list":["post-2047","page","type-page","status-publish","hentry"],"_links":{"self":[{"href":"https:\/\/fm-projectconsultants.com\/de\/wp-json\/wp\/v2\/pages\/2047","targetHints":{"allow":["GET"]}}],"collection":[{"href":"https:\/\/fm-projectconsultants.com\/de\/wp-json\/wp\/v2\/pages"}],"about":[{"href":"https:\/\/fm-projectconsultants.com\/de\/wp-json\/wp\/v2\/types\/page"}],"author":[{"embeddable":true,"href":"https:\/\/fm-projectconsultants.com\/de\/wp-json\/wp\/v2\/users\/2"}],"replies":[{"embeddable":true,"href":"https:\/\/fm-projectconsultants.com\/de\/wp-json\/wp\/v2\/comments?post=2047"}],"version-history":[{"count":8,"href":"https:\/\/fm-projectconsultants.com\/de\/wp-json\/wp\/v2\/pages\/2047\/revisions"}],"predecessor-version":[{"id":2130,"href":"https:\/\/fm-projectconsultants.com\/de\/wp-json\/wp\/v2\/pages\/2047\/revisions\/2130"}],"wp:attachment":[{"href":"https:\/\/fm-projectconsultants.com\/de\/wp-json\/wp\/v2\/media?parent=2047"}],"curies":[{"name":"wp","href":"https:\/\/api.w.org\/{rel}","templated":true}]}}