{"id":2047,"date":"2021-10-18T16:05:59","date_gmt":"2021-10-18T16:05:59","guid":{"rendered":"http:\/\/fm-projectconsultants.com\/?page_id=2047"},"modified":"2021-10-18T16:14:48","modified_gmt":"2021-10-18T16:14:48","slug":"privacy-policy","status":"publish","type":"page","link":"https:\/\/fm-projectconsultants.com\/es\/privacy-policy\/","title":{"rendered":"Pol\u00edtica de Privacidad"},"content":{"rendered":"<div data-elementor-type=\"wp-page\" data-elementor-id=\"2047\" class=\"elementor elementor-2047\" data-elementor-post-type=\"page\">\n\t\t\t\t\t\t<section data-particle_enable=\"false\" data-particle-mobile-disabled=\"false\" class=\"elementor-section elementor-top-section elementor-element elementor-element-37c56ea7 elementor-section-height-min-height elementor-section-content-middle elementor-section-boxed elementor-section-height-default elementor-section-items-middle\" data-id=\"37c56ea7\" data-element_type=\"section\" data-e-type=\"section\" data-settings=\"{&quot;background_background&quot;:&quot;classic&quot;}\">\n\t\t\t\t\t\t\t<div class=\"elementor-background-overlay\"><\/div>\n\t\t\t\t\t\t\t<div class=\"elementor-container elementor-column-gap-default\">\n\t\t\t\t\t<div class=\"elementor-column elementor-col-100 elementor-top-column elementor-element elementor-element-38857d48\" data-id=\"38857d48\" data-element_type=\"column\" data-e-type=\"column\">\n\t\t\t<div class=\"elementor-widget-wrap elementor-element-populated\">\n\t\t\t\t\t\t<div class=\"elementor-element elementor-element-42f2214b elementor-widget elementor-widget-heading\" data-id=\"42f2214b\" data-element_type=\"widget\" data-e-type=\"widget\" data-widget_type=\"heading.default\">\n\t\t\t\t<div class=\"elementor-widget-container\">\n\t\t\t\t\t<h2 class=\"elementor-heading-title elementor-size-default\">Pol\u00edtica de Privacidad<\/h2>\t\t\t\t<\/div>\n\t\t\t\t<\/div>\n\t\t\t\t\t<\/div>\n\t\t<\/div>\n\t\t\t\t\t<\/div>\n\t\t<\/section>\n\t\t\t\t<section data-particle_enable=\"false\" data-particle-mobile-disabled=\"false\" class=\"elementor-section elementor-top-section elementor-element elementor-element-01dd94c elementor-section-boxed elementor-section-height-default elementor-section-height-default\" data-id=\"01dd94c\" data-element_type=\"section\" data-e-type=\"section\">\n\t\t\t\t\t\t<div class=\"elementor-container elementor-column-gap-default\">\n\t\t\t\t\t<div class=\"elementor-column elementor-col-100 elementor-top-column elementor-element elementor-element-587a41c\" data-id=\"587a41c\" data-element_type=\"column\" data-e-type=\"column\">\n\t\t\t<div class=\"elementor-widget-wrap elementor-element-populated\">\n\t\t\t\t\t\t<div class=\"elementor-element elementor-element-eb074dc elementor-widget elementor-widget-text-editor\" data-id=\"eb074dc\" data-element_type=\"widget\" data-e-type=\"widget\" data-widget_type=\"text-editor.default\">\n\t\t\t\t<div class=\"elementor-widget-container\">\n\t\t\t\t\t\t\t\t\t<p>En esta pol\u00edtica se describe c\u00f3mo usamos y protegemos la informaci\u00f3n que nos proporciona a trav\u00e9s de nuestro sitio web.<\/p><p>En esta pol\u00edtica de privacidad se explica c\u00f3mo recopila, usa y protege FM Project Consultants Ltd los datos que nos proporciona, cuando nos env\u00eda una consulta o se suscribe a nuestro bolet\u00edn o a nuestras comunicaciones de <i>marketing<\/i> a trav\u00e9s de nuestro sitio web. Solo usaremos sus datos de conformidad con la informaci\u00f3n establecida en la presente pol\u00edtica de privacidad.<\/p><p><strong>Los datos que es posible que recojamos:<\/strong> <br \/>Su nombre completo<br \/>Sus datos de contacto, incluida su direcci\u00f3n de correo electr\u00f3nico<br \/>Sus datos demogr\u00e1ficos, como la ubicaci\u00f3n, c\u00f3digo postal, intereses y preferencias<br \/>Su direcci\u00f3n IP<\/p><p><strong>Lo que haremos con sus datos:<\/strong><br \/>B\u00e1sicamente, necesitamos sus datos para poder responder a cualquier consulta que haga a trav\u00e9s de nuestro sitio web.<\/p><p><strong>Sus datos nos ayudan a:<\/strong> <br \/>Mantener un registro de nuestros clientes y consultas para fines de seguimiento interno.<br \/>nformarle sobre productos, ofertas e informaci\u00f3n especial sobre FM Project Consultants que pensemos que podr\u00edan serle \u00fatiles, en funci\u00f3n de su consulta inicial, mediante el uso de la direcci\u00f3n de correo electr\u00f3nico que nos ha proporcionado.<\/p><p><strong>C\u00f3mo garantizamos la seguridad de sus datos:<\/strong><br \/>Nuestra prioridad es garantizar que sus datos est\u00e9n protegidos. A fin de impedir la divulgaci\u00f3n o el acceso no autorizado, solo usamos procedimientos electr\u00f3nicos que cumplan con el RGPD para proteger sus datos y la informaci\u00f3n que hemos recopilado de usted en l\u00ednea.<\/p><p><strong>Cookies:<\/strong><br \/>Tenemos cookies activadas en nuestro sitio web. Son peque\u00f1os archivos de seguimiento que nos ayudan a analizar los datos de marketing y a mejorar nuestro sitio web. Solo usamos esta informaci\u00f3n para aprender y mejorar y, posteriormente, los datos se eliminan de nuestros sistemas.<\/p><p>Puede elegir aceptar o rechazar las cookies, lo que habitualmente puede hacer en la configuraci\u00f3n de su navegador web.<\/p><p><strong>Enlaces a sitios web externos:<\/strong><br \/>Nuestra p\u00e1gina incluye enlaces a otros sitios web. Una vez que salga de nuestra web, no podremos controlar su recorrido en l\u00ednea. Aseg\u00farese de que lee las declaraciones de privacidad de los sitios que visite una vez que haya salido del nuestro.<\/p><p><strong>Gesti\u00f3n de sus datos personales:<\/strong> <br \/>Si cree que los datos que tenemos sobre usted son incorrectos, inf\u00f3rmenos por correo electr\u00f3nico o postal tan pronto como sea posible en la direcci\u00f3n que se muestra debajo.<\/p><p><strong>Puede elegir la informaci\u00f3n que recopilamos y guardamos sobre usted:<\/strong><br \/>Cuando complete un formulario en l\u00ednea en nuestro sitio web, tiene la opci\u00f3n de marcar una casilla que establece que desea recibir comunicaciones adicionales.<\/p><p>Si no marca esta casilla, no le enviaremos ninguna informaci\u00f3n de este tipo.<\/p><p>Si cambia de opini\u00f3n respecto a recibir comunicaciones de cualquier tipo de FM Project Consultants Ltd, lo \u00fanico que tiene que hacer es enviar un correo electr\u00f3nico a la direcci\u00f3n: enquiries@fm-projectconsultants.com.<\/p><p>Si desea recibir una copia de los datos que tenemos sobre usted en virtud de la normativa RGPD, env\u00ede un correo electr\u00f3nico a la direcci\u00f3n: enquiries@fm-projectconsultants.com o escr\u00edbanos a Suite 3, Waterside Business Centre, Canal Street, Leigh, WN7 4DB.<\/p><p>A menos que recibamos una solicitud espec\u00edfica para que eliminemos los datos, seguiremos almacen\u00e1ndolos en nuestros sistemas seguros.<\/p><p>Si cree que los datos que tenemos sobre usted son incorrectos, inf\u00f3rmenos por correo electr\u00f3nico o postal en la direcci\u00f3n que se muestra arriba tan pronto como sea posible.<\/p><p>No vendemos ni divulgamos sus datos a ning\u00fan tercero a menos que la ley nos obligue a hacerlo.<\/p>\t\t\t\t\t\t\t\t<\/div>\n\t\t\t\t<\/div>\n\t\t\t\t\t<\/div>\n\t\t<\/div>\n\t\t\t\t\t<\/div>\n\t\t<\/section>\n\t\t\t\t<\/div>","protected":false},"excerpt":{"rendered":"<p>Privacy Policy This policy outlines how we will use and protect any information you provide us with, which you submit through our website. This privacy policy explains how FM Project Consultants Ltd collects, uses and protects the data you provide us with, when you submit an enquiry, or subscribe to our newsletter or marketing communications [&hellip;]<\/p>\n","protected":false},"author":2,"featured_media":0,"parent":0,"menu_order":0,"comment_status":"closed","ping_status":"closed","template":"","meta":{"site-sidebar-layout":"no-sidebar","site-content-layout":"page-builder","ast-site-content-layout":"default","site-content-style":"default","site-sidebar-style":"default","ast-global-header-display":"","ast-banner-title-visibility":"","ast-main-header-display":"","ast-hfb-above-header-display":"","ast-hfb-below-header-display":"","ast-hfb-mobile-header-display":"","site-post-title":"disabled","ast-breadcrumbs-content":"","ast-featured-img":"disabled","footer-sml-layout":"","ast-disable-related-posts":"","theme-transparent-header-meta":"default","adv-header-id-meta":"","stick-header-meta":"default","header-above-stick-meta":"","header-main-stick-meta":"","header-below-stick-meta":"","astra-migrate-meta-layouts":"default","ast-page-background-enabled":"default","ast-page-background-meta":{"desktop":{"background-color":"","background-image":"","background-repeat":"repeat","background-position":"center center","background-size":"auto","background-attachment":"scroll","background-type":"","background-media":"","overlay-type":"","overlay-color":"","overlay-opacity":"","overlay-gradient":""},"tablet":{"background-color":"","background-image":"","background-repeat":"repeat","background-position":"center center","background-size":"auto","background-attachment":"scroll","background-type":"","background-media":"","overlay-type":"","overlay-color":"","overlay-opacity":"","overlay-gradient":""},"mobile":{"background-color":"","background-image":"","background-repeat":"repeat","background-position":"center center","background-size":"auto","background-attachment":"scroll","background-type":"","background-media":"","overlay-type":"","overlay-color":"","overlay-opacity":"","overlay-gradient":""}},"ast-content-background-meta":{"desktop":{"background-color":"var(--ast-global-color-5)","background-image":"","background-repeat":"repeat","background-position":"center center","background-size":"auto","background-attachment":"scroll","background-type":"","background-media":"","overlay-type":"","overlay-color":"","overlay-opacity":"","overlay-gradient":""},"tablet":{"background-color":"var(--ast-global-color-5)","background-image":"","background-repeat":"repeat","background-position":"center center","background-size":"auto","background-attachment":"scroll","background-type":"","background-media":"","overlay-type":"","overlay-color":"","overlay-opacity":"","overlay-gradient":""},"mobile":{"background-color":"var(--ast-global-color-5)","background-image":"","background-repeat":"repeat","background-position":"center center","background-size":"auto","background-attachment":"scroll","background-type":"","background-media":"","overlay-type":"","overlay-color":"","overlay-opacity":"","overlay-gradient":""}},"footnotes":""},"class_list":["post-2047","page","type-page","status-publish","hentry"],"_links":{"self":[{"href":"https:\/\/fm-projectconsultants.com\/es\/wp-json\/wp\/v2\/pages\/2047","targetHints":{"allow":["GET"]}}],"collection":[{"href":"https:\/\/fm-projectconsultants.com\/es\/wp-json\/wp\/v2\/pages"}],"about":[{"href":"https:\/\/fm-projectconsultants.com\/es\/wp-json\/wp\/v2\/types\/page"}],"author":[{"embeddable":true,"href":"https:\/\/fm-projectconsultants.com\/es\/wp-json\/wp\/v2\/users\/2"}],"replies":[{"embeddable":true,"href":"https:\/\/fm-projectconsultants.com\/es\/wp-json\/wp\/v2\/comments?post=2047"}],"version-history":[{"count":8,"href":"https:\/\/fm-projectconsultants.com\/es\/wp-json\/wp\/v2\/pages\/2047\/revisions"}],"predecessor-version":[{"id":2130,"href":"https:\/\/fm-projectconsultants.com\/es\/wp-json\/wp\/v2\/pages\/2047\/revisions\/2130"}],"wp:attachment":[{"href":"https:\/\/fm-projectconsultants.com\/es\/wp-json\/wp\/v2\/media?parent=2047"}],"curies":[{"name":"wp","href":"https:\/\/api.w.org\/{rel}","templated":true}]}}