{"id":2047,"date":"2021-10-18T16:05:59","date_gmt":"2021-10-18T16:05:59","guid":{"rendered":"http:\/\/fm-projectconsultants.com\/?page_id=2047"},"modified":"2021-10-18T16:14:48","modified_gmt":"2021-10-18T16:14:48","slug":"privacy-policy","status":"publish","type":"page","link":"https:\/\/fm-projectconsultants.com\/fr\/privacy-policy\/","title":{"rendered":"Politique de confidentialit\u00e9"},"content":{"rendered":"<div data-elementor-type=\"wp-page\" data-elementor-id=\"2047\" class=\"elementor elementor-2047\" data-elementor-post-type=\"page\">\n\t\t\t\t\t\t<section data-particle_enable=\"false\" data-particle-mobile-disabled=\"false\" class=\"elementor-section elementor-top-section elementor-element elementor-element-37c56ea7 elementor-section-height-min-height elementor-section-content-middle elementor-section-boxed elementor-section-height-default elementor-section-items-middle\" data-id=\"37c56ea7\" data-element_type=\"section\" data-e-type=\"section\" data-settings=\"{&quot;background_background&quot;:&quot;classic&quot;}\">\n\t\t\t\t\t\t\t<div class=\"elementor-background-overlay\"><\/div>\n\t\t\t\t\t\t\t<div class=\"elementor-container elementor-column-gap-default\">\n\t\t\t\t\t<div class=\"elementor-column elementor-col-100 elementor-top-column elementor-element elementor-element-38857d48\" data-id=\"38857d48\" data-element_type=\"column\" data-e-type=\"column\">\n\t\t\t<div class=\"elementor-widget-wrap elementor-element-populated\">\n\t\t\t\t\t\t<div class=\"elementor-element elementor-element-42f2214b elementor-widget elementor-widget-heading\" data-id=\"42f2214b\" data-element_type=\"widget\" data-e-type=\"widget\" data-widget_type=\"heading.default\">\n\t\t\t\t<div class=\"elementor-widget-container\">\n\t\t\t\t\t<h2 class=\"elementor-heading-title elementor-size-default\">Politique de confidentialit\u00e9<\/h2>\t\t\t\t<\/div>\n\t\t\t\t<\/div>\n\t\t\t\t\t<\/div>\n\t\t<\/div>\n\t\t\t\t\t<\/div>\n\t\t<\/section>\n\t\t\t\t<section data-particle_enable=\"false\" data-particle-mobile-disabled=\"false\" class=\"elementor-section elementor-top-section elementor-element elementor-element-01dd94c elementor-section-boxed elementor-section-height-default elementor-section-height-default\" data-id=\"01dd94c\" data-element_type=\"section\" data-e-type=\"section\">\n\t\t\t\t\t\t<div class=\"elementor-container elementor-column-gap-default\">\n\t\t\t\t\t<div class=\"elementor-column elementor-col-100 elementor-top-column elementor-element elementor-element-587a41c\" data-id=\"587a41c\" data-element_type=\"column\" data-e-type=\"column\">\n\t\t\t<div class=\"elementor-widget-wrap elementor-element-populated\">\n\t\t\t\t\t\t<div class=\"elementor-element elementor-element-eb074dc elementor-widget elementor-widget-text-editor\" data-id=\"eb074dc\" data-element_type=\"widget\" data-e-type=\"widget\" data-widget_type=\"text-editor.default\">\n\t\t\t\t<div class=\"elementor-widget-container\">\n\t\t\t\t\t\t\t\t\t<p>La pr\u00e9sente politique d\u00e9crit la mani\u00e8re dont nous utilisons et prot\u00e9geons les informations que vous nous fournissez par l\u2019interm\u00e9diaire de notre site web.<\/p><p>La pr\u00e9sente politique de confidentialit\u00e9 explique comment FM Project Consultants Ltd collecte, utilise et prot\u00e8ge les donn\u00e9es que vous nous fournissez lorsque vous soumettez une demande de renseignements ou vous abonnez \u00e0 notre newsletter ou \u00e0 des communications commerciales depuis notre site web. Nous n\u2019utiliserons vos donn\u00e9es que conform\u00e9ment aux modalit\u00e9s d\u00e9taill\u00e9es dans la pr\u00e9sente politique de confidentialit\u00e9.<\/p><p><strong>Nous sommes susceptibles de collecter les donn\u00e9es suivantes\u00a0:<\/strong> <br \/>Votre nom<br \/>Vos coordonn\u00e9es, y compris votre adresse e-mail<br \/>Vos informations d\u00e9mographiques (ex.\u00a0: lieu de r\u00e9sidence \/ code postal, centres d\u2019int\u00e9r\u00eat et pr\u00e9f\u00e9rences)<br \/>Votre adresse IP<\/p><p><strong>Nous utiliserons vos donn\u00e9es comme suit\u00a0:<\/strong><br \/>Vos donn\u00e9es nous servent essentiellement \u00e0 r\u00e9pondre \u00e0 toute demande soumise de votre part sur notre site.<\/p><p><strong>Vos donn\u00e9es nous aident \u00e0\u00a0:<\/strong> <br \/>Tenir un registre de nos clients et des demandes de renseignements \u00e0 des fins de suivi interne<br \/>Vous tenir inform\u00e9 des produits, offres et annonces sp\u00e9ciales de FM Project Consultants Ltd si nous pensons que cela est susceptible de vous int\u00e9resser, compte tenu de votre demande initiale, en utilisant l\u2019adresse e-mail que vous avez fournie<\/p><p><strong>Making sure your data is secure:<\/strong><br \/>Notre priorit\u00e9 est de garantir la s\u00e9curit\u00e9 de vos donn\u00e9es. Afin d\u2019emp\u00eacher toute divulgation ou tout acc\u00e8s non autoris\u00e9, nous utilisons uniquement des proc\u00e9dures \u00e9lectroniques conformes au RGPD pour sauvegarder vos donn\u00e9es et s\u00e9curiser les informations que nous avons collect\u00e9es en ligne \u00e0 votre propos.<\/p><p><strong>Cookies:<\/strong><br \/>Notre site utilise des cookies, c\u2019est-\u00e0-dire des petits fichiers de tracking qui nous aident \u00e0 analyser nos actions marketing et \u00e0 apporter des am\u00e9liorations \u00e0 notre site. Nous utilisons ces informations uniquement \u00e0 des fins d\u2019am\u00e9lioration de nos connaissances et de nos pratiques\u00a0; les donn\u00e9es sont ensuite supprim\u00e9es de nos syst\u00e8mes.<\/p><p>Vous avez la possibilit\u00e9 d\u2019accepter ou de refuser les cookies (cela g\u00e9n\u00e9ralement \u00e0 partir des param\u00e8tres de votre navigateur web).<\/p><p><strong>Liens vers des sites web externes\u00a0:<\/strong><br \/>Notre site contient des liens vers d\u2019autres sites web. Une fois que vous aurez quitt\u00e9 notre site, nous n\u2019aurons plus aucun contr\u00f4le sur votre navigation en ligne. Veillez par cons\u00e9quent \u00e0 lire les politiques de confidentialit\u00e9 des sites que vous visitez apr\u00e8s avoir quitt\u00e9 le n\u00f4tre.<\/p><p><strong>Gestion de vos informations personnelles\u00a0:<\/strong> <br \/>Si vous pensez que les donn\u00e9es que nous d\u00e9tenons \u00e0 votre sujet sont incorrectes, veuillez nous en informer dans les meilleurs d\u00e9lais par e-mail ou par courrier \u00e0 l\u2019adresse ci-dessous.<\/p><p><strong>You can choose the information we gather and hold for you:<\/strong><br \/>Vous pouvez choisir les informations que nous collectons et conservons \u00e0 votre sujet\u00a0:\nLorsque vous remplissez un formulaire en ligne, sur notre site, vous avez la possibilit\u00e9 de cocher la case indiquant que vous souhaitez recevoir d\u2019autres communications.<\/p><p>Si vous ne cochez pas cette case, nous ne vous enverrons pas d\u2019informations de ce type.<\/p><p>Si vous changez d\u2019avis sur le fait de recevoir d\u2019autres communications, de quelque nature que ce soit, de la part de FM Project Consultants Ltd, il vous suffit d\u2019adresser un e-mail \u00e0 enquiries@fm-projectconsultants.com<\/p><p>Si vous souhaitez recevoir une copie des donn\u00e9es que nous d\u00e9tenons \u00e0 votre sujet en vertu de la r\u00e9glementation RGPD en vigueur, veuillez nous envoyer soit un e-mail \u00e0 enquiries@fm-projectconsultants.com, soit un courrier au Suite 3 Waterside Business Centre, Canal Street, Leigh WN7 4DB, Royaume-Uni.<\/p><p>Sauf demande expresse de votre part concernant la suppression de vos informations, nous continuerons \u00e0 stocker vos donn\u00e9es au sein de nos syst\u00e8mes s\u00e9curis\u00e9s.<\/p><p>Si vous pensez que les donn\u00e9es que nous d\u00e9tenons \u00e0 votre sujet sont incorrectes, veuillez nous en informer dans les meilleurs d\u00e9lais par e-mail ou par courrier \u00e0 l\u2019adresse ci-dessus.<\/p><p>Nous ne vendrons ni ne partagerons aucune de vos donn\u00e9es avec des tiers, sauf si la loi nous y oblige.<\/p>\t\t\t\t\t\t\t\t<\/div>\n\t\t\t\t<\/div>\n\t\t\t\t\t<\/div>\n\t\t<\/div>\n\t\t\t\t\t<\/div>\n\t\t<\/section>\n\t\t\t\t<\/div>","protected":false},"excerpt":{"rendered":"<p>Privacy Policy This policy outlines how we will use and protect any information you provide us with, which you submit through our website. This privacy policy explains how FM Project Consultants Ltd collects, uses and protects the data you provide us with, when you submit an enquiry, or subscribe to our newsletter or marketing communications [&hellip;]<\/p>\n","protected":false},"author":2,"featured_media":0,"parent":0,"menu_order":0,"comment_status":"closed","ping_status":"closed","template":"","meta":{"site-sidebar-layout":"no-sidebar","site-content-layout":"page-builder","ast-site-content-layout":"default","site-content-style":"default","site-sidebar-style":"default","ast-global-header-display":"","ast-banner-title-visibility":"","ast-main-header-display":"","ast-hfb-above-header-display":"","ast-hfb-below-header-display":"","ast-hfb-mobile-header-display":"","site-post-title":"disabled","ast-breadcrumbs-content":"","ast-featured-img":"disabled","footer-sml-layout":"","ast-disable-related-posts":"","theme-transparent-header-meta":"default","adv-header-id-meta":"","stick-header-meta":"default","header-above-stick-meta":"","header-main-stick-meta":"","header-below-stick-meta":"","astra-migrate-meta-layouts":"default","ast-page-background-enabled":"default","ast-page-background-meta":{"desktop":{"background-color":"","background-image":"","background-repeat":"repeat","background-position":"center center","background-size":"auto","background-attachment":"scroll","background-type":"","background-media":"","overlay-type":"","overlay-color":"","overlay-opacity":"","overlay-gradient":""},"tablet":{"background-color":"","background-image":"","background-repeat":"repeat","background-position":"center center","background-size":"auto","background-attachment":"scroll","background-type":"","background-media":"","overlay-type":"","overlay-color":"","overlay-opacity":"","overlay-gradient":""},"mobile":{"background-color":"","background-image":"","background-repeat":"repeat","background-position":"center center","background-size":"auto","background-attachment":"scroll","background-type":"","background-media":"","overlay-type":"","overlay-color":"","overlay-opacity":"","overlay-gradient":""}},"ast-content-background-meta":{"desktop":{"background-color":"var(--ast-global-color-5)","background-image":"","background-repeat":"repeat","background-position":"center center","background-size":"auto","background-attachment":"scroll","background-type":"","background-media":"","overlay-type":"","overlay-color":"","overlay-opacity":"","overlay-gradient":""},"tablet":{"background-color":"var(--ast-global-color-5)","background-image":"","background-repeat":"repeat","background-position":"center center","background-size":"auto","background-attachment":"scroll","background-type":"","background-media":"","overlay-type":"","overlay-color":"","overlay-opacity":"","overlay-gradient":""},"mobile":{"background-color":"var(--ast-global-color-5)","background-image":"","background-repeat":"repeat","background-position":"center center","background-size":"auto","background-attachment":"scroll","background-type":"","background-media":"","overlay-type":"","overlay-color":"","overlay-opacity":"","overlay-gradient":""}},"footnotes":""},"class_list":["post-2047","page","type-page","status-publish","hentry"],"_links":{"self":[{"href":"https:\/\/fm-projectconsultants.com\/fr\/wp-json\/wp\/v2\/pages\/2047","targetHints":{"allow":["GET"]}}],"collection":[{"href":"https:\/\/fm-projectconsultants.com\/fr\/wp-json\/wp\/v2\/pages"}],"about":[{"href":"https:\/\/fm-projectconsultants.com\/fr\/wp-json\/wp\/v2\/types\/page"}],"author":[{"embeddable":true,"href":"https:\/\/fm-projectconsultants.com\/fr\/wp-json\/wp\/v2\/users\/2"}],"replies":[{"embeddable":true,"href":"https:\/\/fm-projectconsultants.com\/fr\/wp-json\/wp\/v2\/comments?post=2047"}],"version-history":[{"count":8,"href":"https:\/\/fm-projectconsultants.com\/fr\/wp-json\/wp\/v2\/pages\/2047\/revisions"}],"predecessor-version":[{"id":2130,"href":"https:\/\/fm-projectconsultants.com\/fr\/wp-json\/wp\/v2\/pages\/2047\/revisions\/2130"}],"wp:attachment":[{"href":"https:\/\/fm-projectconsultants.com\/fr\/wp-json\/wp\/v2\/media?parent=2047"}],"curies":[{"name":"wp","href":"https:\/\/api.w.org\/{rel}","templated":true}]}}